{"id":1245,"date":"2023-03-12T22:09:14","date_gmt":"2023-03-12T22:09:14","guid":{"rendered":"https:\/\/gomarkup.co\/?page_id=1245"},"modified":"2023-03-13T03:42:08","modified_gmt":"2023-03-13T03:42:08","slug":"cookies-y-preferencias-de-marketing","status":"publish","type":"page","link":"https:\/\/gomarkup.co\/en\/cookies-y-preferencias-de-marketing\/","title":{"rendered":"Cookies y preferencias de marketing"},"content":{"rendered":"<div data-elementor-type=\"wp-page\" data-elementor-id=\"1245\" class=\"elementor elementor-1245\">\n\t\t\t\t\t\t<section data-particle_enable=\"false\" data-particle-mobile-disabled=\"false\" class=\"elementor-section elementor-top-section elementor-element elementor-element-9a18cf2 elementor-section-boxed elementor-section-height-default elementor-section-height-default\" data-id=\"9a18cf2\" data-element_type=\"section\" data-e-type=\"section\">\n\t\t\t\t\t\t<div class=\"elementor-container elementor-column-gap-default\">\n\t\t\t\t\t<div class=\"elementor-column elementor-col-100 elementor-top-column elementor-element elementor-element-87396ea\" data-id=\"87396ea\" data-element_type=\"column\" data-e-type=\"column\">\n\t\t\t<div class=\"elementor-widget-wrap elementor-element-populated\">\n\t\t\t\t\t\t<div class=\"elementor-element elementor-element-4844c2a elementor-widget elementor-widget-text-editor\" data-id=\"4844c2a\" data-element_type=\"widget\" data-e-type=\"widget\" data-widget_type=\"text-editor.default\">\n\t\t\t\t<div class=\"elementor-widget-container\">\n\t\t\t\t\t\t\t\t\t<h4 id=\"ot-pvcy-hdr\">Su privacidad<\/h4><p id=\"ot-pc-desc\" class=\"ot-grp-desc\">GetYourGuide utiliza cookies para ofrecerte el mejor servicio posible. Si sigues navegando en nuestra web, aceptas el uso de cookies.<\/p><div class=\"ot-grp-hdr1\"><h4 class=\"ot-cat-header\">Tecnolog\u00edas estrictamente necesarias<\/h4><div class=\"ot-tgl-cntr\"><div class=\"ot-always-active\">\u00a0<\/div><\/div><\/div><p class=\"ot-grp-desc ot-category-desc\">Estas cookies y otras tecnolog\u00edas son necesarias para el funcionamiento de nuestro sitio web y para proporcionar cualquier servicio que nos solicites, como funciones b\u00e1sicas de compra o prevenci\u00f3n de fraude.<\/p><div class=\"ot-grp-hdr1\"><h4 class=\"ot-cat-header\">Tecnolog\u00edas anal\u00edticas<\/h4><div class=\"ot-tgl-cntr\"><div class=\"ot-always-active\">\u00a0<\/div><\/div><\/div><p class=\"ot-grp-desc ot-category-desc\">Las cookies y dem\u00e1s tecnolog\u00edas anal\u00edticas nos ayudan a entender c\u00f3mo interact\u00faa la gente con nuestro sitio web. Esto nos ayuda a mejorar nuestro sitio web, las aplicaciones y la comunicaci\u00f3n. As\u00ed como a mostrarte contenido interesante y relevante.<\/p><p>\u00a0<\/p><div class=\"ot-grp-hdr1\"><h4 class=\"ot-cat-header\">Tecnolog\u00edas publicitarias<\/h4><div class=\"ot-tgl-cntr\"><div class=\"ot-always-active\">\u00a0<\/div><\/div><\/div><p class=\"ot-grp-desc ot-category-desc\">GetYourGuide y otros socios de confianza recopilan informaci\u00f3n sobre los recorridos del usuario, a trav\u00e9s de cookies y otras tecnolog\u00edas de seguimiento, para patrocinar contenido relevante sobre nuestros productos. Con el fin de seleccionar contenido que se ajuste a tus intereses, GetYourGuide (o terceros con los que compartimos tus datos) puede utilizar informaci\u00f3n sobre actividades que hayas buscado o reservado en nuestro sitio web. Hacemos esto para mostrarte anuncios relevantes en los sitios web y aplicaciones de terceros. En algunas ocasiones, vinculamos estos datos a trav\u00e9s de los diferentes dispositivos que utilizas o puede que tambi\u00e9n procesemos datos sobre tus interacciones con los anuncios para medir el rendimiento de estos.<\/p>\t\t\t\t\t\t\t\t<\/div>\n\t\t\t\t<\/div>\n\t\t\t\t\t<\/div>\n\t\t<\/div>\n\t\t\t\t\t<\/div>\n\t\t<\/section>\n\t\t\t\t<\/div>","protected":false},"excerpt":{"rendered":"<p>Su privacidad GetYourGuide utiliza cookies para ofrecerte el mejor servicio posible. Si sigues navegando en nuestra web, aceptas el uso de cookies. Tecnolog\u00edas estrictamente necesarias \u00a0 Estas cookies y otras tecnolog\u00edas son necesarias para el funcionamiento de nuestro sitio web y para proporcionar cualquier servicio que nos solicites, como funciones b\u00e1sicas de compra o prevenci\u00f3n [&hellip;]<\/p>\n","protected":false},"author":1,"featured_media":0,"parent":0,"menu_order":0,"comment_status":"closed","ping_status":"open","template":"","meta":{"site-sidebar-layout":"no-sidebar","site-content-layout":"page-builder","ast-site-content-layout":"default","site-content-style":"default","site-sidebar-style":"default","ast-global-header-display":"","ast-banner-title-visibility":"","ast-main-header-display":"","ast-hfb-above-header-display":"","ast-hfb-below-header-display":"","ast-hfb-mobile-header-display":"","site-post-title":"disabled","ast-breadcrumbs-content":"","ast-featured-img":"disabled","footer-sml-layout":"","ast-disable-related-posts":"","theme-transparent-header-meta":"","adv-header-id-meta":"","stick-header-meta":"","header-above-stick-meta":"","header-main-stick-meta":"","header-below-stick-meta":"","astra-migrate-meta-layouts":"default","ast-page-background-enabled":"default","ast-page-background-meta":{"desktop":{"background-color":"var(--ast-global-color-4)","background-image":"","background-repeat":"repeat","background-position":"center center","background-size":"auto","background-attachment":"scroll","background-type":"","background-media":"","overlay-type":"","overlay-color":"","overlay-opacity":"","overlay-gradient":""},"tablet":{"background-color":"","background-image":"","background-repeat":"repeat","background-position":"center center","background-size":"auto","background-attachment":"scroll","background-type":"","background-media":"","overlay-type":"","overlay-color":"","overlay-opacity":"","overlay-gradient":""},"mobile":{"background-color":"","background-image":"","background-repeat":"repeat","background-position":"center center","background-size":"auto","background-attachment":"scroll","background-type":"","background-media":"","overlay-type":"","overlay-color":"","overlay-opacity":"","overlay-gradient":""}},"ast-content-background-meta":{"desktop":{"background-color":"var(--ast-global-color-5)","background-image":"","background-repeat":"repeat","background-position":"center center","background-size":"auto","background-attachment":"scroll","background-type":"","background-media":"","overlay-type":"","overlay-color":"","overlay-opacity":"","overlay-gradient":""},"tablet":{"background-color":"var(--ast-global-color-5)","background-image":"","background-repeat":"repeat","background-position":"center center","background-size":"auto","background-attachment":"scroll","background-type":"","background-media":"","overlay-type":"","overlay-color":"","overlay-opacity":"","overlay-gradient":""},"mobile":{"background-color":"var(--ast-global-color-5)","background-image":"","background-repeat":"repeat","background-position":"center center","background-size":"auto","background-attachment":"scroll","background-type":"","background-media":"","overlay-type":"","overlay-color":"","overlay-opacity":"","overlay-gradient":""}},"footnotes":""},"class_list":["post-1245","page","type-page","status-publish","hentry"],"jetpack_sharing_enabled":true,"jetpack_shortlink":"https:\/\/wp.me\/Pfm6qz-k5","_links":{"self":[{"href":"https:\/\/gomarkup.co\/en\/wp-json\/wp\/v2\/pages\/1245","targetHints":{"allow":["GET"]}}],"collection":[{"href":"https:\/\/gomarkup.co\/en\/wp-json\/wp\/v2\/pages"}],"about":[{"href":"https:\/\/gomarkup.co\/en\/wp-json\/wp\/v2\/types\/page"}],"author":[{"embeddable":true,"href":"https:\/\/gomarkup.co\/en\/wp-json\/wp\/v2\/users\/1"}],"replies":[{"embeddable":true,"href":"https:\/\/gomarkup.co\/en\/wp-json\/wp\/v2\/comments?post=1245"}],"version-history":[{"count":8,"href":"https:\/\/gomarkup.co\/en\/wp-json\/wp\/v2\/pages\/1245\/revisions"}],"predecessor-version":[{"id":1525,"href":"https:\/\/gomarkup.co\/en\/wp-json\/wp\/v2\/pages\/1245\/revisions\/1525"}],"wp:attachment":[{"href":"https:\/\/gomarkup.co\/en\/wp-json\/wp\/v2\/media?parent=1245"}],"curies":[{"name":"wp","href":"https:\/\/api.w.org\/{rel}","templated":true}]}}