{"id":2079,"date":"2023-12-18T11:53:35","date_gmt":"2023-12-18T16:53:35","guid":{"rendered":"https:\/\/gomarkup.co\/?page_id=2079"},"modified":"2024-08-10T10:14:59","modified_gmt":"2024-08-10T15:14:59","slug":"blog","status":"publish","type":"page","link":"https:\/\/gomarkup.co\/en\/blog\/","title":{"rendered":"BLOG"},"content":{"rendered":"\t\t<div data-elementor-type=\"wp-page\" data-elementor-id=\"2079\" class=\"elementor elementor-2079\">\n\t\t\t\t\t\t<section data-particle_enable=\"false\" data-particle-mobile-disabled=\"false\" class=\"elementor-section elementor-top-section elementor-element elementor-element-5110cb8 elementor-section-full_width elementor-section-height-default elementor-section-height-default\" data-id=\"5110cb8\" data-element_type=\"section\" data-e-type=\"section\">\n\t\t\t\t\t\t<div class=\"elementor-container elementor-column-gap-no\">\n\t\t\t\t\t<div class=\"elementor-column elementor-col-100 elementor-top-column elementor-element elementor-element-99290af\" data-id=\"99290af\" data-element_type=\"column\" data-e-type=\"column\">\n\t\t\t<div class=\"elementor-widget-wrap elementor-element-populated\">\n\t\t\t\t\t\t<div class=\"elementor-element elementor-element-7602d95 elementor-widget-divider--view-line elementor-invisible elementor-widget elementor-widget-divider\" data-id=\"7602d95\" data-element_type=\"widget\" data-e-type=\"widget\" data-settings=\"{&quot;_animation&quot;:&quot;fadeInRight&quot;}\" data-widget_type=\"divider.default\">\n\t\t\t\t<div class=\"elementor-widget-container\">\n\t\t\t\t\t\t\t<div class=\"elementor-divider\">\n\t\t\t<span class=\"elementor-divider-separator\">\n\t\t\t\t\t\t<\/span>\n\t\t<\/div>\n\t\t\t\t\t\t<\/div>\n\t\t\t\t<\/div>\n\t\t\t\t\t<\/div>\n\t\t<\/div>\n\t\t\t\t\t<\/div>\n\t\t<\/section>\n\t\t\t\t<section data-particle_enable=\"false\" data-particle-mobile-disabled=\"false\" class=\"elementor-section elementor-top-section elementor-element elementor-element-ca3749a elementor-section-full_width elementor-section-height-default elementor-section-height-default\" data-id=\"ca3749a\" data-element_type=\"section\" data-e-type=\"section\">\n\t\t\t\t\t\t<div class=\"elementor-container elementor-column-gap-no\">\n\t\t\t\t\t<div class=\"elementor-column elementor-col-100 elementor-top-column elementor-element elementor-element-9aa5b74\" data-id=\"9aa5b74\" data-element_type=\"column\" data-e-type=\"column\">\n\t\t\t<div class=\"elementor-widget-wrap elementor-element-populated\">\n\t\t\t\t\t\t<div class=\"elementor-element elementor-element-f961dd9 elementor-arrows-position-inside elementor-pagination-position-outside elementor-invisible elementor-widget elementor-widget-image-carousel\" data-id=\"f961dd9\" data-element_type=\"widget\" data-e-type=\"widget\" data-settings=\"{&quot;slides_to_show&quot;:&quot;1&quot;,&quot;_animation&quot;:&quot;bounceInDown&quot;,&quot;navigation&quot;:&quot;both&quot;,&quot;autoplay&quot;:&quot;yes&quot;,&quot;pause_on_hover&quot;:&quot;yes&quot;,&quot;pause_on_interaction&quot;:&quot;yes&quot;,&quot;autoplay_speed&quot;:5000,&quot;infinite&quot;:&quot;yes&quot;,&quot;effect&quot;:&quot;slide&quot;,&quot;speed&quot;:500}\" data-widget_type=\"image-carousel.default\">\n\t\t\t\t<div class=\"elementor-widget-container\">\n\t\t\t\t\t\t\t<div class=\"elementor-image-carousel-wrapper swiper\" role=\"region\" aria-roledescription=\"carousel\" aria-label=\"Carrusel de im\u00e1genes\" dir=\"ltr\">\n\t\t\t<div class=\"elementor-image-carousel swiper-wrapper\" aria-live=\"off\">\n\t\t\t\t\t\t\t\t<div class=\"swiper-slide\" role=\"group\" aria-roledescription=\"slide\" aria-label=\"1 de 1\"><figure class=\"swiper-slide-inner\"><img decoding=\"async\" class=\"swiper-slide-image\" src=\"https:\/\/gomarkup.co\/wp-content\/uploads\/2024\/08\/blogup6.png\" alt=\"blogup6\" \/><\/figure><\/div>\t\t\t<\/div>\n\t\t\t\t\t<\/div>\n\t\t\t\t\t\t<\/div>\n\t\t\t\t<\/div>\n\t\t\t\t<div class=\"elementor-element elementor-element-d98e4b1 e-transform elementor-invisible elementor-widget elementor-widget-image\" data-id=\"d98e4b1\" data-element_type=\"widget\" data-e-type=\"widget\" data-settings=\"{&quot;_animation&quot;:&quot;zoomIn&quot;,&quot;_transform_scale_effect_mobile&quot;:{&quot;unit&quot;:&quot;px&quot;,&quot;size&quot;:1.6,&quot;sizes&quot;:[]},&quot;_transform_scale_effect&quot;:{&quot;unit&quot;:&quot;px&quot;,&quot;size&quot;:&quot;&quot;,&quot;sizes&quot;:[]},&quot;_transform_scale_effect_tablet&quot;:{&quot;unit&quot;:&quot;px&quot;,&quot;size&quot;:&quot;&quot;,&quot;sizes&quot;:[]}}\" data-widget_type=\"image.default\">\n\t\t\t\t<div class=\"elementor-widget-container\">\n\t\t\t\t\t\t\t\t\t\t\t\t\t\t\t<img fetchpriority=\"high\" decoding=\"async\" width=\"2048\" height=\"853\" src=\"https:\/\/gomarkup.co\/wp-content\/uploads\/2024\/04\/Mesa-de-trabajo-1@2x-2-1-2048x853.png\" class=\"attachment-2048x2048 size-2048x2048 wp-image-3501\" alt=\"\" srcset=\"https:\/\/gomarkup.co\/wp-content\/uploads\/2024\/04\/Mesa-de-trabajo-1@2x-2-1-2048x853.png 2048w, https:\/\/gomarkup.co\/wp-content\/uploads\/2024\/04\/Mesa-de-trabajo-1@2x-2-1-300x125.png 300w, https:\/\/gomarkup.co\/wp-content\/uploads\/2024\/04\/Mesa-de-trabajo-1@2x-2-1-1024x427.png 1024w, https:\/\/gomarkup.co\/wp-content\/uploads\/2024\/04\/Mesa-de-trabajo-1@2x-2-1-768x320.png 768w, https:\/\/gomarkup.co\/wp-content\/uploads\/2024\/04\/Mesa-de-trabajo-1@2x-2-1-1536x640.png 1536w, https:\/\/gomarkup.co\/wp-content\/uploads\/2024\/04\/Mesa-de-trabajo-1@2x-2-1-18x8.png 18w\" sizes=\"(max-width: 2048px) 100vw, 2048px\" \/>\t\t\t\t\t\t\t\t\t\t\t\t\t\t\t<\/div>\n\t\t\t\t<\/div>\n\t\t\t\t\t<\/div>\n\t\t<\/div>\n\t\t\t\t\t<\/div>\n\t\t<\/section>\n\t\t\t\t<section data-particle_enable=\"false\" data-particle-mobile-disabled=\"false\" class=\"elementor-section elementor-top-section elementor-element elementor-element-a8dbf9e elementor-section-full_width elementor-section-content-middle elementor-section-height-default elementor-section-height-default\" data-id=\"a8dbf9e\" data-element_type=\"section\" data-e-type=\"section\">\n\t\t\t\t\t\t<div class=\"elementor-container elementor-column-gap-no\">\n\t\t\t\t\t<div class=\"elementor-column elementor-col-100 elementor-top-column elementor-element elementor-element-b53d3e9\" data-id=\"b53d3e9\" data-element_type=\"column\" data-e-type=\"column\">\n\t\t\t<div class=\"elementor-widget-wrap elementor-element-populated\">\n\t\t\t\t\t\t<div class=\"elementor-element elementor-element-6fa98f0 elementor-widget__width-initial elementor-invisible elementor-widget elementor-widget-text-editor\" data-id=\"6fa98f0\" data-element_type=\"widget\" data-e-type=\"widget\" data-settings=\"{&quot;_animation&quot;:&quot;fadeInUp&quot;}\" data-widget_type=\"text-editor.default\">\n\t\t\t\t<div class=\"elementor-widget-container\">\n\t\t\t\t\t\t\t\t\t<p>En este blog encontrar\u00e1s herramientas super poderosas que hemos aprendido durante <span style=\"color: #ff6600;\">m\u00e1s de 20 a\u00f1os de experiencia<\/span>, que continuamos haci\u00e9ndolo pero ahora, queremos compartirlas con todos ustedes.<\/p><p>Estamos <span style=\"color: #10c298;\">enamorados de las Marcas<\/span> del dise\u00f1o, la estrategia, el marketing, el arte, la publicidad, la educaci\u00f3n y la pedagog\u00eda, las comunicaciones, las ventas, etc, y hoy queremos hacerlos parte de este lindo proceso y ser\u00eda brutal que juntos podamos retroalimentarnos y continuar este proceso de aprendizaje.<\/p>\t\t\t\t\t\t\t\t<\/div>\n\t\t\t\t<\/div>\n\t\t\t\t<div class=\"elementor-element elementor-element-eef5b86 e-transform elementor-invisible elementor-widget elementor-widget-image\" data-id=\"eef5b86\" data-element_type=\"widget\" data-e-type=\"widget\" data-settings=\"{&quot;_animation&quot;:&quot;fadeInUp&quot;,&quot;_transform_scale_effect_mobile&quot;:{&quot;unit&quot;:&quot;px&quot;,&quot;size&quot;:2,&quot;sizes&quot;:[]},&quot;_transform_scale_effect&quot;:{&quot;unit&quot;:&quot;px&quot;,&quot;size&quot;:&quot;&quot;,&quot;sizes&quot;:[]},&quot;_transform_scale_effect_tablet&quot;:{&quot;unit&quot;:&quot;px&quot;,&quot;size&quot;:&quot;&quot;,&quot;sizes&quot;:[]}}\" data-widget_type=\"image.default\">\n\t\t\t\t<div class=\"elementor-widget-container\">\n\t\t\t\t\t\t\t\t\t\t\t\t\t\t\t<img decoding=\"async\" width=\"2048\" height=\"853\" src=\"https:\/\/gomarkup.co\/wp-content\/uploads\/2024\/04\/Mesa-de-trabajo-1@2x-4-2048x853.png\" class=\"attachment-2048x2048 size-2048x2048 wp-image-3502\" alt=\"\" srcset=\"https:\/\/gomarkup.co\/wp-content\/uploads\/2024\/04\/Mesa-de-trabajo-1@2x-4-2048x853.png 2048w, https:\/\/gomarkup.co\/wp-content\/uploads\/2024\/04\/Mesa-de-trabajo-1@2x-4-300x125.png 300w, https:\/\/gomarkup.co\/wp-content\/uploads\/2024\/04\/Mesa-de-trabajo-1@2x-4-1024x427.png 1024w, https:\/\/gomarkup.co\/wp-content\/uploads\/2024\/04\/Mesa-de-trabajo-1@2x-4-768x320.png 768w, https:\/\/gomarkup.co\/wp-content\/uploads\/2024\/04\/Mesa-de-trabajo-1@2x-4-1536x640.png 1536w, https:\/\/gomarkup.co\/wp-content\/uploads\/2024\/04\/Mesa-de-trabajo-1@2x-4-18x8.png 18w\" sizes=\"(max-width: 2048px) 100vw, 2048px\" \/>\t\t\t\t\t\t\t\t\t\t\t\t\t\t\t<\/div>\n\t\t\t\t<\/div>\n\t\t\t\t\t<\/div>\n\t\t<\/div>\n\t\t\t\t\t<\/div>\n\t\t<\/section>\n\t\t\t\t<section data-particle_enable=\"false\" data-particle-mobile-disabled=\"false\" class=\"elementor-section elementor-top-section elementor-element elementor-element-13df087 elementor-section-content-middle elementor-section-boxed elementor-section-height-default elementor-section-height-default\" data-id=\"13df087\" data-element_type=\"section\" data-e-type=\"section\">\n\t\t\t\t\t\t<div class=\"elementor-container elementor-column-gap-default\">\n\t\t\t\t\t<div class=\"elementor-column elementor-col-100 elementor-top-column elementor-element elementor-element-b67719d\" data-id=\"b67719d\" data-element_type=\"column\" data-e-type=\"column\">\n\t\t\t<div class=\"elementor-widget-wrap elementor-element-populated\">\n\t\t\t\t\t\t<div class=\"elementor-element elementor-element-62194f9 elementor-grid-eael-col-2 elementor-grid-tablet-eael-col-2 elementor-grid-mobile-eael-col-1 elementor-invisible elementor-widget elementor-widget-eael-post-grid\" data-id=\"62194f9\" data-element_type=\"widget\" data-e-type=\"widget\" data-settings=\"{&quot;eael_post_grid_columns&quot;:&quot;eael-col-2&quot;,&quot;_animation&quot;:&quot;fadeInUp&quot;,&quot;eael_post_grid_columns_tablet&quot;:&quot;eael-col-2&quot;,&quot;eael_post_grid_columns_mobile&quot;:&quot;eael-col-1&quot;}\" data-widget_type=\"eael-post-grid.default\">\n\t\t\t\t<div class=\"elementor-widget-container\">\n\t\t\t\t\t<div id=\"eael-post-grid-62194f9\" class=\"eael-post-grid-container\">\n            <div class=\"eael-post-grid eael-post-appender eael-post-appender-62194f9 eael-post-grid-style-one\" data-layout-mode=\"grid\"><article class=\"eael-grid-post  eael-post-grid-column eael-pg-post-3521 category-blog-up\" data-id=\"3521\">\n        <div class=\"eael-grid-post-holder\">\n            <div class=\"eael-grid-post-holder-inner\"><div class=\"eael-entry-media\"><div class=\"eael-entry-overlay none\"><i class=\"\" aria-hidden=\"true\"><\/i><a href=\"https:\/\/gomarkup.co\/en\/articulo-2\/\"><\/a><\/div><div class=\"eael-entry-thumbnail \">\n                <img decoding=\"async\" width=\"1950\" height=\"1050\" src=\"https:\/\/gomarkup.co\/wp-content\/uploads\/2024\/04\/blog-2.png\" class=\"attachment-2048x2048 size-2048x2048 wp-image-3548\" alt=\"\" srcset=\"https:\/\/gomarkup.co\/wp-content\/uploads\/2024\/04\/blog-2.png 1950w, https:\/\/gomarkup.co\/wp-content\/uploads\/2024\/04\/blog-2-300x162.png 300w, https:\/\/gomarkup.co\/wp-content\/uploads\/2024\/04\/blog-2-1024x551.png 1024w, https:\/\/gomarkup.co\/wp-content\/uploads\/2024\/04\/blog-2-768x414.png 768w, https:\/\/gomarkup.co\/wp-content\/uploads\/2024\/04\/blog-2-1536x827.png 1536w, https:\/\/gomarkup.co\/wp-content\/uploads\/2024\/04\/blog-2-18x10.png 18w\" sizes=\"(max-width: 1950px) 100vw, 1950px\" \/>\n            <\/div>\n        <\/div><\/div>\n        <\/div>\n    <\/article><article class=\"eael-grid-post  eael-post-grid-column eael-pg-post-3530 category-blog-up\" data-id=\"3530\">\n        <div class=\"eael-grid-post-holder\">\n            <div class=\"eael-grid-post-holder-inner\"><div class=\"eael-entry-media\"><div class=\"eael-entry-overlay none\"><i class=\"\" aria-hidden=\"true\"><\/i><a href=\"https:\/\/gomarkup.co\/en\/articulo-4\/\"><\/a><\/div><div class=\"eael-entry-thumbnail \">\n                <img decoding=\"async\" width=\"1950\" height=\"1050\" src=\"https:\/\/gomarkup.co\/wp-content\/uploads\/2024\/04\/blog-2.png\" class=\"attachment-2048x2048 size-2048x2048 wp-image-3548\" alt=\"\" srcset=\"https:\/\/gomarkup.co\/wp-content\/uploads\/2024\/04\/blog-2.png 1950w, https:\/\/gomarkup.co\/wp-content\/uploads\/2024\/04\/blog-2-300x162.png 300w, https:\/\/gomarkup.co\/wp-content\/uploads\/2024\/04\/blog-2-1024x551.png 1024w, https:\/\/gomarkup.co\/wp-content\/uploads\/2024\/04\/blog-2-768x414.png 768w, https:\/\/gomarkup.co\/wp-content\/uploads\/2024\/04\/blog-2-1536x827.png 1536w, https:\/\/gomarkup.co\/wp-content\/uploads\/2024\/04\/blog-2-18x10.png 18w\" sizes=\"(max-width: 1950px) 100vw, 1950px\" \/>\n            <\/div>\n        <\/div><\/div>\n        <\/div>\n    <\/article><article class=\"eael-grid-post  eael-post-grid-column eael-pg-post-3528 category-blog-up\" data-id=\"3528\">\n        <div class=\"eael-grid-post-holder\">\n            <div class=\"eael-grid-post-holder-inner\"><div class=\"eael-entry-media\"><div class=\"eael-entry-overlay none\"><i class=\"\" aria-hidden=\"true\"><\/i><a href=\"https:\/\/gomarkup.co\/en\/articulo-3\/\"><\/a><\/div><div class=\"eael-entry-thumbnail \">\n                <img loading=\"lazy\" decoding=\"async\" width=\"1950\" height=\"1050\" src=\"https:\/\/gomarkup.co\/wp-content\/uploads\/2024\/04\/blog-1.png\" class=\"attachment-2048x2048 size-2048x2048 wp-image-3549\" alt=\"\" srcset=\"https:\/\/gomarkup.co\/wp-content\/uploads\/2024\/04\/blog-1.png 1950w, https:\/\/gomarkup.co\/wp-content\/uploads\/2024\/04\/blog-1-300x162.png 300w, https:\/\/gomarkup.co\/wp-content\/uploads\/2024\/04\/blog-1-1024x551.png 1024w, https:\/\/gomarkup.co\/wp-content\/uploads\/2024\/04\/blog-1-768x414.png 768w, https:\/\/gomarkup.co\/wp-content\/uploads\/2024\/04\/blog-1-1536x827.png 1536w, https:\/\/gomarkup.co\/wp-content\/uploads\/2024\/04\/blog-1-18x10.png 18w\" sizes=\"(max-width: 1950px) 100vw, 1950px\" \/>\n            <\/div>\n        <\/div><\/div>\n        <\/div>\n    <\/article><\/div>\n            <div class=\"clearfix\"><\/div>\n        <\/div>\t\t\t\t<\/div>\n\t\t\t\t<\/div>\n\t\t\t\t\t<\/div>\n\t\t<\/div>\n\t\t\t\t\t<\/div>\n\t\t<\/section>\n\t\t\t\t<section data-particle_enable=\"false\" data-particle-mobile-disabled=\"false\" class=\"elementor-section elementor-top-section elementor-element elementor-element-e10eb93 elementor-section-full_width elementor-section-height-default elementor-section-height-default\" data-id=\"e10eb93\" data-element_type=\"section\" data-e-type=\"section\" data-settings=\"{&quot;background_background&quot;:&quot;classic&quot;}\">\n\t\t\t\t\t\t<div class=\"elementor-container elementor-column-gap-no\">\n\t\t\t\t\t<div class=\"elementor-column elementor-col-50 elementor-top-column elementor-element elementor-element-fc104a3\" data-id=\"fc104a3\" data-element_type=\"column\" data-e-type=\"column\">\n\t\t\t<div class=\"elementor-widget-wrap elementor-element-populated\">\n\t\t\t\t\t\t<div class=\"elementor-element elementor-element-8f17f72 elementor-widget__width-initial elementor-invisible elementor-widget elementor-widget-image\" data-id=\"8f17f72\" data-element_type=\"widget\" data-e-type=\"widget\" data-settings=\"{&quot;_animation&quot;:&quot;fadeInLeft&quot;}\" data-widget_type=\"image.default\">\n\t\t\t\t<div class=\"elementor-widget-container\">\n\t\t\t\t\t\t\t\t\t\t\t\t\t\t\t<img loading=\"lazy\" decoding=\"async\" width=\"953\" height=\"1024\" src=\"https:\/\/gomarkup.co\/wp-content\/uploads\/2024\/04\/1-Mesa de trabajo 2@2x-8-953x1024.png\" class=\"attachment-large size-large wp-image-3437\" alt=\"\" srcset=\"https:\/\/gomarkup.co\/wp-content\/uploads\/2024\/04\/1-Mesa%20de%20trabajo%202@2x-8-953x1024.png 953w, https:\/\/gomarkup.co\/wp-content\/uploads\/2024\/04\/1-Mesa%20de%20trabajo%202@2x-8-279x300.png 279w, https:\/\/gomarkup.co\/wp-content\/uploads\/2024\/04\/1-Mesa%20de%20trabajo%202@2x-8-768x825.png 768w, https:\/\/gomarkup.co\/wp-content\/uploads\/2024\/04\/1-Mesa%20de%20trabajo%202@2x-8-1429x1536.png 1429w, https:\/\/gomarkup.co\/wp-content\/uploads\/2024\/04\/1-Mesa%20de%20trabajo%202@2x-8-11x12.png 11w, https:\/\/gomarkup.co\/wp-content\/uploads\/2024\/04\/1-Mesa%20de%20trabajo%202@2x-8.png 1489w\" sizes=\"(max-width: 953px) 100vw, 953px\" \/>\t\t\t\t\t\t\t\t\t\t\t\t\t\t\t<\/div>\n\t\t\t\t<\/div>\n\t\t\t\t\t<\/div>\n\t\t<\/div>\n\t\t\t\t<div class=\"elementor-column elementor-col-50 elementor-top-column elementor-element elementor-element-ed7b735 elementor-invisible\" data-id=\"ed7b735\" data-element_type=\"column\" data-e-type=\"column\" data-settings=\"{&quot;animation&quot;:&quot;fadeInRight&quot;}\">\n\t\t\t<div class=\"elementor-widget-wrap elementor-element-populated\">\n\t\t\t\t\t\t<div class=\"elementor-element elementor-element-92da182 elementor-widget__width-initial elementor-widget elementor-widget-heading\" data-id=\"92da182\" data-element_type=\"widget\" data-e-type=\"widget\" data-widget_type=\"heading.default\">\n\t\t\t\t<div class=\"elementor-widget-container\">\n\t\t\t\t\t<h2 class=\"elementor-heading-title elementor-size-default\">Te queremos obsequiar<\/h2>\t\t\t\t<\/div>\n\t\t\t\t<\/div>\n\t\t\t\t<div class=\"elementor-element elementor-element-d124c50 elementor-widget__width-initial elementor-widget-mobile__width-inherit elementor-widget elementor-widget-text-editor\" data-id=\"d124c50\" data-element_type=\"widget\" data-e-type=\"widget\" data-widget_type=\"text-editor.default\">\n\t\t\t\t<div class=\"elementor-widget-container\">\n\t\t\t\t\t\t\t\t\t<p>nuestra plantilla para diagn\u00f3sticar la buena <strong>salud de tu Marca.<\/strong><\/p><p>Suscr\u00edbete y rec\u00edbelo en tu correo o en tu Whatsapp.<\/p>\t\t\t\t\t\t\t\t<\/div>\n\t\t\t\t<\/div>\n\t\t\t\t<div class=\"elementor-element elementor-element-939b31f elementor-button-align-start elementor-mobile-button-align-center elementor-widget elementor-widget-form\" data-id=\"939b31f\" data-element_type=\"widget\" data-e-type=\"widget\" data-settings=\"{&quot;step_next_label&quot;:&quot;Next&quot;,&quot;step_previous_label&quot;:&quot;Previous&quot;,&quot;step_type&quot;:&quot;number_text&quot;,&quot;step_icon_shape&quot;:&quot;circle&quot;}\" data-widget_type=\"form.default\">\n\t\t\t\t<div class=\"elementor-widget-container\">\n\t\t\t\t\t\t\t<form class=\"elementor-form\" method=\"post\" name=\"New Form\">\n\t\t\t<input type=\"hidden\" name=\"post_id\" value=\"2079\"\/>\n\t\t\t<input type=\"hidden\" name=\"form_id\" value=\"939b31f\"\/>\n\t\t\t<input type=\"hidden\" name=\"referer_title\" value=\"\" \/>\n\n\t\t\t\n\t\t\t<div class=\"elementor-form-fields-wrapper elementor-labels-above\">\n\t\t\t\t\t\t\t\t<div class=\"elementor-field-type-text elementor-field-group elementor-column elementor-field-group-name elementor-col-30 elementor-field-required elementor-mark-required\">\n\t\t\t\t\t\t\t\t\t\t\t\t<label for=\"form-field-name\" class=\"elementor-field-label\">\n\t\t\t\t\t\t\t\tMe llamo:\t\t\t\t\t\t\t<\/label>\n\t\t\t\t\t\t\t\t\t\t\t\t\t\t<input size=\"1\" type=\"text\" name=\"form_fields[name]\" id=\"form-field-name\" class=\"elementor-field elementor-size-md  elementor-field-textual\" required=\"required\" aria-required=\"true\">\n\t\t\t\t\t\t\t\t\t\t\t<\/div>\n\t\t\t\t\t\t\t\t<div class=\"elementor-field-type-text elementor-field-group elementor-column elementor-field-group-email elementor-col-40 elementor-field-required elementor-mark-required\">\n\t\t\t\t\t\t\t\t\t\t\t\t<label for=\"form-field-email\" class=\"elementor-field-label\">\n\t\t\t\t\t\t\t\tMi email o whatsapp es:\t\t\t\t\t\t\t<\/label>\n\t\t\t\t\t\t\t\t\t\t\t\t\t\t<input size=\"1\" type=\"text\" name=\"form_fields[email]\" id=\"form-field-email\" class=\"elementor-field elementor-size-md  elementor-field-textual\" required=\"required\" aria-required=\"true\">\n\t\t\t\t\t\t\t\t\t\t\t<\/div>\n\t\t\t\t\t\t\t\t<div class=\"elementor-field-type-acceptance elementor-field-group elementor-column elementor-field-group-field_e0b7348 elementor-col-100 elementor-field-required elementor-mark-required\">\n\t\t\t\t\t\t\t<div class=\"elementor-field-subgroup\">\n\t\t\t<span class=\"elementor-field-option\">\n\t\t\t\t<input type=\"checkbox\" name=\"form_fields[field_e0b7348]\" id=\"form-field-field_e0b7348\" class=\"elementor-field elementor-size-md  elementor-acceptance-field\" required=\"required\" aria-required=\"true\">\n\t\t\t\t<label for=\"form-field-field_e0b7348\">He le\u00eddo y acepto la Pol\u00edtica de Privacidad<\/label>\t\t\t<\/span>\n\t\t<\/div>\n\t\t\t\t\t\t<\/div>\n\t\t\t\t\t\t\t\t<div class=\"elementor-field-group elementor-column elementor-field-type-submit elementor-col-100 e-form__buttons\">\n\t\t\t\t\t<button type=\"submit\" class=\"elementor-button elementor-size-md elementor-animation-grow\">\n\t\t\t\t\t\t<span >\n\t\t\t\t\t\t\t\t\t\t\t\t\t\t\t<span class=\"elementor-align-icon-left elementor-button-icon\">\n\t\t\t\t\t\t\t\t\t<i aria-hidden=\"true\" class=\"fas fa-caret-right\"><\/i>\t\t\t\t\t\t\t\t\t\t\t\t\t\t\t\t\t<\/span>\n\t\t\t\t\t\t\t\t\t\t\t\t\t\t\t\t\t\t\t\t\t\t<span class=\"elementor-button-text\">ENVIAR<\/span>\n\t\t\t\t\t\t\t\t\t\t\t\t\t<\/span>\n\t\t\t\t\t<\/button>\n\t\t\t\t<\/div>\n\t\t\t<\/div>\n\t\t<\/form>\n\t\t\t\t\t\t<\/div>\n\t\t\t\t<\/div>\n\t\t\t\t\t<\/div>\n\t\t<\/div>\n\t\t\t\t\t<\/div>\n\t\t<\/section>\n\t\t\t\t<\/div>\n\t\t","protected":false},"excerpt":{"rendered":"<p>En este blog encontrar\u00e1s herramientas super poderosas que hemos aprendido durante m\u00e1s de 20 a\u00f1os de experiencia, que continuamos haci\u00e9ndolo pero ahora, queremos compartirlas con todos ustedes. Estamos enamorados de las Marcas del dise\u00f1o, la estrategia, el marketing, el arte, la publicidad, la educaci\u00f3n y la pedagog\u00eda, las comunicaciones, las ventas, etc, y hoy queremos [&hellip;]<\/p>\n","protected":false},"author":5,"featured_media":0,"parent":0,"menu_order":0,"comment_status":"closed","ping_status":"closed","template":"","meta":{"site-sidebar-layout":"no-sidebar","site-content-layout":"page-builder","ast-site-content-layout":"full-width-container","site-content-style":"unboxed","site-sidebar-style":"unboxed","ast-global-header-display":"","ast-banner-title-visibility":"","ast-main-header-display":"","ast-hfb-above-header-display":"","ast-hfb-below-header-display":"","ast-hfb-mobile-header-display":"","site-post-title":"disabled","ast-breadcrumbs-content":"","ast-featured-img":"disabled","footer-sml-layout":"","ast-disable-related-posts":"","theme-transparent-header-meta":"","adv-header-id-meta":"","stick-header-meta":"","header-above-stick-meta":"","header-main-stick-meta":"","header-below-stick-meta":"","astra-migrate-meta-layouts":"set","ast-page-background-enabled":"default","ast-page-background-meta":{"desktop":{"background-color":"var(--ast-global-color-4)","background-image":"","background-repeat":"repeat","background-position":"center center","background-size":"auto","background-attachment":"scroll","background-type":"","background-media":"","overlay-type":"","overlay-color":"","overlay-opacity":"","overlay-gradient":""},"tablet":{"background-color":"","background-image":"","background-repeat":"repeat","background-position":"center center","background-size":"auto","background-attachment":"scroll","background-type":"","background-media":"","overlay-type":"","overlay-color":"","overlay-opacity":"","overlay-gradient":""},"mobile":{"background-color":"","background-image":"","background-repeat":"repeat","background-position":"center center","background-size":"auto","background-attachment":"scroll","background-type":"","background-media":"","overlay-type":"","overlay-color":"","overlay-opacity":"","overlay-gradient":""}},"ast-content-background-meta":{"desktop":{"background-color":"var(--ast-global-color-5)","background-image":"","background-repeat":"repeat","background-position":"center center","background-size":"auto","background-attachment":"scroll","background-type":"","background-media":"","overlay-type":"","overlay-color":"","overlay-opacity":"","overlay-gradient":""},"tablet":{"background-color":"var(--ast-global-color-5)","background-image":"","background-repeat":"repeat","background-position":"center center","background-size":"auto","background-attachment":"scroll","background-type":"","background-media":"","overlay-type":"","overlay-color":"","overlay-opacity":"","overlay-gradient":""},"mobile":{"background-color":"var(--ast-global-color-5)","background-image":"","background-repeat":"repeat","background-position":"center center","background-size":"auto","background-attachment":"scroll","background-type":"","background-media":"","overlay-type":"","overlay-color":"","overlay-opacity":"","overlay-gradient":""}},"footnotes":""},"class_list":["post-2079","page","type-page","status-publish","hentry"],"jetpack_sharing_enabled":true,"jetpack_shortlink":"https:\/\/wp.me\/Pfm6qz-xx","_links":{"self":[{"href":"https:\/\/gomarkup.co\/en\/wp-json\/wp\/v2\/pages\/2079","targetHints":{"allow":["GET"]}}],"collection":[{"href":"https:\/\/gomarkup.co\/en\/wp-json\/wp\/v2\/pages"}],"about":[{"href":"https:\/\/gomarkup.co\/en\/wp-json\/wp\/v2\/types\/page"}],"author":[{"embeddable":true,"href":"https:\/\/gomarkup.co\/en\/wp-json\/wp\/v2\/users\/5"}],"replies":[{"embeddable":true,"href":"https:\/\/gomarkup.co\/en\/wp-json\/wp\/v2\/comments?post=2079"}],"version-history":[{"count":131,"href":"https:\/\/gomarkup.co\/en\/wp-json\/wp\/v2\/pages\/2079\/revisions"}],"predecessor-version":[{"id":22908,"href":"https:\/\/gomarkup.co\/en\/wp-json\/wp\/v2\/pages\/2079\/revisions\/22908"}],"wp:attachment":[{"href":"https:\/\/gomarkup.co\/en\/wp-json\/wp\/v2\/media?parent=2079"}],"curies":[{"name":"wp","href":"https:\/\/api.w.org\/{rel}","templated":true}]}}